{"id":87,"date":"2024-04-22T19:41:31","date_gmt":"2024-04-22T19:41:31","guid":{"rendered":"http:\/\/emq.qck.mybluehost.me\/website_42b9569b\/contacto\/"},"modified":"2026-01-12T14:20:57","modified_gmt":"2026-01-12T14:20:57","slug":"contacto","status":"publish","type":"page","link":"https:\/\/urudataciberseguridad.com\/en\/contacto\/","title":{"rendered":"Contact"},"content":{"rendered":"\t\t<div data-elementor-type=\"wp-page\" data-elementor-id=\"87\" class=\"elementor elementor-87\" data-elementor-post-type=\"page\">\n\t\t\t\t<div class=\"elementor-element elementor-element-33e7f0d e-con-full e-flex e-con e-parent\" data-id=\"33e7f0d\" data-element_type=\"container\" data-e-type=\"container\" data-settings=\"{&quot;background_background&quot;:&quot;classic&quot;}\">\n\t\t<div class=\"elementor-element elementor-element-9646112 e-con-full e-flex e-con e-child\" data-id=\"9646112\" data-element_type=\"container\" data-e-type=\"container\">\n\t\t\t\t<div class=\"elementor-element elementor-element-06d8734 elementor-widget elementor-widget-heading\" data-id=\"06d8734\" data-element_type=\"widget\" data-e-type=\"widget\" data-widget_type=\"heading.default\">\n\t\t\t\t<div class=\"elementor-widget-container\">\n\t\t\t\t\t<h2 class=\"elementor-heading-title elementor-size-default\">\u00bfConversamos?<\/h2>\t\t\t\t<\/div>\n\t\t\t\t<\/div>\n\t\t\t\t<div class=\"elementor-element elementor-element-4a1b25b elementor-widget elementor-widget-heading\" data-id=\"4a1b25b\" data-element_type=\"widget\" data-e-type=\"widget\" data-widget_type=\"heading.default\">\n\t\t\t\t<div class=\"elementor-widget-container\">\n\t\t\t\t\t<h2 class=\"elementor-heading-title elementor-size-default\">Completa el formulario y nos <br>\npondremos en contacto contigo\n<\/h2>\t\t\t\t<\/div>\n\t\t\t\t<\/div>\n\t\t\t\t<\/div>\n\t\t<div class=\"elementor-element elementor-element-a727bbd e-con-full e-flex e-con e-child\" data-id=\"a727bbd\" data-element_type=\"container\" data-e-type=\"container\">\n\t\t\t\t<div class=\"elementor-element elementor-element-f01fee3 elementor-widget elementor-widget-image\" data-id=\"f01fee3\" data-element_type=\"widget\" data-e-type=\"widget\" data-widget_type=\"image.default\">\n\t\t\t\t<div class=\"elementor-widget-container\">\n\t\t\t\t\t\t\t\t\t\t\t\t\t\t\t<img fetchpriority=\"high\" decoding=\"async\" width=\"554\" height=\"267\" src=\"https:\/\/urudataciberseguridad.com\/wp-content\/uploads\/2024\/05\/Group-1562.svg\" class=\"attachment-large size-large wp-image-1768\" alt=\"\" \/>\t\t\t\t\t\t\t\t\t\t\t\t\t\t\t<\/div>\n\t\t\t\t<\/div>\n\t\t\t\t<\/div>\n\t\t\t\t<\/div>\n\t\t<div class=\"elementor-element elementor-element-fc33409 e-con-full e-flex e-con e-parent\" data-id=\"fc33409\" data-element_type=\"container\" data-e-type=\"container\" data-settings=\"{&quot;background_background&quot;:&quot;classic&quot;}\">\n\t\t\t\t<div class=\"elementor-element elementor-element-d67fa5e elementor-widget elementor-widget-heading\" data-id=\"d67fa5e\" data-element_type=\"widget\" data-e-type=\"widget\" data-widget_type=\"heading.default\">\n\t\t\t\t<div class=\"elementor-widget-container\">\n\t\t\t\t\t<h2 class=\"elementor-heading-title elementor-size-default\">\u00bfC\u00f3mo te podemos ayudar?<\/h2>\t\t\t\t<\/div>\n\t\t\t\t<\/div>\n\t\t<div class=\"elementor-element elementor-element-5198ea2 e-flex e-con-boxed e-con e-child\" data-id=\"5198ea2\" data-element_type=\"container\" data-e-type=\"container\">\n\t\t\t\t\t<div class=\"e-con-inner\">\n\t\t<div class=\"elementor-element elementor-element-6ecf248 e-con-full e-flex e-con e-child\" data-id=\"6ecf248\" data-element_type=\"container\" data-e-type=\"container\">\n\t\t\t\t<div class=\"elementor-element elementor-element-915a0fd elementor-button-align-center elementor-mobile-button-align-stretch elementor-widget elementor-widget-form\" data-id=\"915a0fd\" data-element_type=\"widget\" data-e-type=\"widget\" data-settings=\"{&quot;step_next_label&quot;:&quot;Next&quot;,&quot;step_previous_label&quot;:&quot;Previous&quot;,&quot;button_width&quot;:&quot;100&quot;,&quot;step_type&quot;:&quot;number_text&quot;,&quot;step_icon_shape&quot;:&quot;circle&quot;}\" data-widget_type=\"form.default\">\n\t\t\t\t<div class=\"elementor-widget-container\">\n\t\t\t\t\t\t\t<form class=\"elementor-form\" method=\"post\" name=\"New Form\">\n\t\t\t<input type=\"hidden\" name=\"post_id\" value=\"87\"\/>\n\t\t\t<input type=\"hidden\" name=\"form_id\" value=\"915a0fd\"\/>\n\t\t\t<input type=\"hidden\" name=\"referer_title\" value=\"Contacto - Ciberseguridad\" \/>\n\n\t\t\t\t\t\t\t<input type=\"hidden\" name=\"queried_id\" value=\"87\"\/>\n\t\t\t\n\t\t\t<div class=\"elementor-form-fields-wrapper elementor-labels-\">\n\t\t\t\t\t\t\t\t<div class=\"elementor-field-type-text elementor-field-group elementor-column elementor-field-group-name elementor-col-100\">\n\t\t\t\t\t\t\t\t\t\t\t\t<label for=\"form-field-name\" class=\"elementor-field-label elementor-screen-only\">\n\t\t\t\t\t\t\t\tNombre completo\t\t\t\t\t\t\t<\/label>\n\t\t\t\t\t\t\t\t\t\t\t\t\t\t<input size=\"1\" type=\"text\" name=\"form_fields[name]\" id=\"form-field-name\" class=\"elementor-field elementor-size-sm  elementor-field-textual\" placeholder=\"Nombre completo\">\n\t\t\t\t\t\t\t\t\t\t\t<\/div>\n\t\t\t\t\t\t\t\t<div class=\"elementor-field-type-text elementor-field-group elementor-column elementor-field-group-email elementor-col-100 elementor-field-required\">\n\t\t\t\t\t\t\t\t\t\t\t\t<label for=\"form-field-email\" class=\"elementor-field-label elementor-screen-only\">\n\t\t\t\t\t\t\t\tTel\u00e9fono de contacto\t\t\t\t\t\t\t<\/label>\n\t\t\t\t\t\t\t\t\t\t\t\t\t\t<input size=\"1\" type=\"text\" name=\"form_fields[email]\" id=\"form-field-email\" class=\"elementor-field elementor-size-sm  elementor-field-textual\" placeholder=\"Tel\u00e9fono de contacto\" required=\"required\">\n\t\t\t\t\t\t\t\t\t\t\t<\/div>\n\t\t\t\t\t\t\t\t<div class=\"elementor-field-type-email elementor-field-group elementor-column elementor-field-group-field_f12ffdd elementor-col-100\">\n\t\t\t\t\t\t\t\t\t\t\t\t<label for=\"form-field-field_f12ffdd\" class=\"elementor-field-label elementor-screen-only\">\n\t\t\t\t\t\t\t\tEmail\t\t\t\t\t\t\t<\/label>\n\t\t\t\t\t\t\t\t\t\t\t\t\t\t<input size=\"1\" type=\"email\" name=\"form_fields[field_f12ffdd]\" id=\"form-field-field_f12ffdd\" class=\"elementor-field elementor-size-sm  elementor-field-textual\" placeholder=\"Email\">\n\t\t\t\t\t\t\t\t\t\t\t<\/div>\n\t\t\t\t\t\t\t\t<div class=\"elementor-field-type-textarea elementor-field-group elementor-column elementor-field-group-message elementor-col-100\">\n\t\t\t\t\t\t\t\t\t\t\t\t<label for=\"form-field-message\" class=\"elementor-field-label elementor-screen-only\">\n\t\t\t\t\t\t\t\tMensaje\t\t\t\t\t\t\t<\/label>\n\t\t\t\t\t\t<textarea class=\"elementor-field-textual elementor-field  elementor-size-sm\" name=\"form_fields[message]\" id=\"form-field-message\" rows=\"4\" placeholder=\"Mensaje\"><\/textarea>\t\t\t\t<\/div>\n\t\t\t\t\t\t\t\t<div class=\"elementor-field-group elementor-column elementor-field-type-submit elementor-col-100 e-form__buttons\">\n\t\t\t\t\t<button class=\"elementor-button elementor-size-sm\" type=\"submit\">\n\t\t\t\t\t\t<span class=\"elementor-button-content-wrapper\">\n\t\t\t\t\t\t\t\t\t\t\t\t\t\t\t\t\t\t\t\t\t\t<span class=\"elementor-button-text\">Enviar<\/span>\n\t\t\t\t\t\t\t\t\t\t\t\t\t<\/span>\n\t\t\t\t\t<\/button>\n\t\t\t\t<\/div>\n\t\t\t<\/div>\n\t\t<\/form>\n\t\t\t\t\t\t<\/div>\n\t\t\t\t<\/div>\n\t\t\t\t<\/div>\n\t\t<div class=\"elementor-element elementor-element-904f003 e-con-full elementor-hidden-mobile e-flex e-con e-child\" data-id=\"904f003\" data-element_type=\"container\" data-e-type=\"container\">\n\t\t\t\t<div class=\"elementor-element elementor-element-93cf500 elementor-widget elementor-widget-heading\" data-id=\"93cf500\" data-element_type=\"widget\" data-e-type=\"widget\" data-widget_type=\"heading.default\">\n\t\t\t\t<div class=\"elementor-widget-container\">\n\t\t\t\t\t<h2 class=\"elementor-heading-title elementor-size-default\">Otra forma de contactarnos<\/h2>\t\t\t\t<\/div>\n\t\t\t\t<\/div>\n\t\t\t\t<div class=\"elementor-element elementor-element-989a78b elementor-widget elementor-widget-text-editor\" data-id=\"989a78b\" data-element_type=\"widget\" data-e-type=\"widget\" data-widget_type=\"text-editor.default\">\n\t\t\t\t<div class=\"elementor-widget-container\">\n\t\t\t\t\t\t\t\t\t<p>M\u00e1ndanos un correo electr\u00f3nico a<br \/><a href=\"mailto:ciberseguridad@urudata.com\">ciberseguridad@urudata.com<\/a> e<br \/>intentaremos responderte lo antes posible<\/p>\t\t\t\t\t\t\t\t<\/div>\n\t\t\t\t<\/div>\n\t\t\t\t<\/div>\n\t\t\t\t\t<\/div>\n\t\t\t\t<\/div>\n\t\t\t\t<\/div>\n\t\t\t\t<\/div>\n\t\t","protected":false},"excerpt":{"rendered":"<p>\u00bfConversamos? Completa el formulario y nos pondremos en contacto contigo \u00bfC\u00f3mo te podemos ayudar? Otra forma de contactarnos M\u00e1ndanos un correo electr\u00f3nico aciberseguridad@urudata.com eintentaremos responderte lo antes posible<\/p>","protected":false},"author":1,"featured_media":0,"parent":0,"menu_order":0,"comment_status":"closed","ping_status":"closed","template":"","meta":{"_acf_changed":false,"nf_dc_page":"","_monsterinsights_skip_tracking":false,"_monsterinsights_sitenote_active":false,"_monsterinsights_sitenote_note":"","_monsterinsights_sitenote_category":0,"footnotes":""},"class_list":["post-87","page","type-page","status-publish","hentry"],"acf":[],"yoast_head":"<!-- This site is optimized with the Yoast SEO plugin v27.4 - https:\/\/yoast.com\/product\/yoast-seo-wordpress\/ -->\n<title>Contacto - Ciberseguridad<\/title>\n<meta name=\"robots\" content=\"index, follow, max-snippet:-1, max-image-preview:large, max-video-preview:-1\" \/>\n<link rel=\"canonical\" href=\"https:\/\/urudataciberseguridad.com\/en\/contacto\/\" \/>\n<meta property=\"og:locale\" content=\"en_US\" \/>\n<meta property=\"og:type\" content=\"article\" \/>\n<meta property=\"og:title\" content=\"Contacto - Ciberseguridad\" \/>\n<meta property=\"og:description\" content=\"\u00bfConversamos? Completa el formulario y nos pondremos en contacto contigo \u00bfC\u00f3mo te podemos ayudar? Otra forma de contactarnos M\u00e1ndanos un correo electr\u00f3nico aciberseguridad@urudata.com eintentaremos responderte lo antes posible\" \/>\n<meta property=\"og:url\" content=\"https:\/\/urudataciberseguridad.com\/en\/contacto\/\" \/>\n<meta property=\"og:site_name\" content=\"Ciberseguridad\" \/>\n<meta property=\"article:modified_time\" content=\"2026-01-12T14:20:57+00:00\" \/>\n<meta name=\"twitter:card\" content=\"summary_large_image\" \/>\n<meta name=\"twitter:label1\" content=\"Est. reading time\" \/>\n\t<meta name=\"twitter:data1\" content=\"1 minute\" \/>\n<script type=\"application\/ld+json\" class=\"yoast-schema-graph\">{\"@context\":\"https:\\\/\\\/schema.org\",\"@graph\":[{\"@type\":\"WebPage\",\"@id\":\"https:\\\/\\\/urudataciberseguridad.com\\\/contacto\\\/\",\"url\":\"https:\\\/\\\/urudataciberseguridad.com\\\/contacto\\\/\",\"name\":\"Contacto - Ciberseguridad\",\"isPartOf\":{\"@id\":\"https:\\\/\\\/urudataciberseguridad.com\\\/#website\"},\"primaryImageOfPage\":{\"@id\":\"https:\\\/\\\/urudataciberseguridad.com\\\/contacto\\\/#primaryimage\"},\"image\":{\"@id\":\"https:\\\/\\\/urudataciberseguridad.com\\\/contacto\\\/#primaryimage\"},\"thumbnailUrl\":\"https:\\\/\\\/urudataciberseguridad.com\\\/wp-content\\\/uploads\\\/2024\\\/05\\\/Group-1562.svg\",\"datePublished\":\"2024-04-22T19:41:31+00:00\",\"dateModified\":\"2026-01-12T14:20:57+00:00\",\"breadcrumb\":{\"@id\":\"https:\\\/\\\/urudataciberseguridad.com\\\/contacto\\\/#breadcrumb\"},\"inLanguage\":\"en-US\",\"potentialAction\":[{\"@type\":\"ReadAction\",\"target\":[\"https:\\\/\\\/urudataciberseguridad.com\\\/contacto\\\/\"]}]},{\"@type\":\"ImageObject\",\"inLanguage\":\"en-US\",\"@id\":\"https:\\\/\\\/urudataciberseguridad.com\\\/contacto\\\/#primaryimage\",\"url\":\"https:\\\/\\\/urudataciberseguridad.com\\\/wp-content\\\/uploads\\\/2024\\\/05\\\/Group-1562.svg\",\"contentUrl\":\"https:\\\/\\\/urudataciberseguridad.com\\\/wp-content\\\/uploads\\\/2024\\\/05\\\/Group-1562.svg\"},{\"@type\":\"BreadcrumbList\",\"@id\":\"https:\\\/\\\/urudataciberseguridad.com\\\/contacto\\\/#breadcrumb\",\"itemListElement\":[{\"@type\":\"ListItem\",\"position\":1,\"name\":\"Home\",\"item\":\"https:\\\/\\\/urudataciberseguridad.com\\\/\"},{\"@type\":\"ListItem\",\"position\":2,\"name\":\"Contacto\"}]},{\"@type\":\"WebSite\",\"@id\":\"https:\\\/\\\/urudataciberseguridad.com\\\/#website\",\"url\":\"https:\\\/\\\/urudataciberseguridad.com\\\/\",\"name\":\"Ciberseguridad\",\"description\":\"\",\"publisher\":{\"@id\":\"https:\\\/\\\/urudataciberseguridad.com\\\/#organization\"},\"potentialAction\":[{\"@type\":\"SearchAction\",\"target\":{\"@type\":\"EntryPoint\",\"urlTemplate\":\"https:\\\/\\\/urudataciberseguridad.com\\\/?s={search_term_string}\"},\"query-input\":{\"@type\":\"PropertyValueSpecification\",\"valueRequired\":true,\"valueName\":\"search_term_string\"}}],\"inLanguage\":\"en-US\"},{\"@type\":\"Organization\",\"@id\":\"https:\\\/\\\/urudataciberseguridad.com\\\/#organization\",\"name\":\"Ciberseguridad\",\"url\":\"https:\\\/\\\/urudataciberseguridad.com\\\/\",\"logo\":{\"@type\":\"ImageObject\",\"inLanguage\":\"en-US\",\"@id\":\"https:\\\/\\\/urudataciberseguridad.com\\\/#\\\/schema\\\/logo\\\/image\\\/\",\"url\":\"https:\\\/\\\/urudataciberseguridad.com\\\/wp-content\\\/uploads\\\/2024\\\/04\\\/logoUrudata.svg\",\"contentUrl\":\"https:\\\/\\\/urudataciberseguridad.com\\\/wp-content\\\/uploads\\\/2024\\\/04\\\/logoUrudata.svg\",\"width\":185,\"height\":27,\"caption\":\"Ciberseguridad\"},\"image\":{\"@id\":\"https:\\\/\\\/urudataciberseguridad.com\\\/#\\\/schema\\\/logo\\\/image\\\/\"}}]}<\/script>\n<!-- \/ Yoast SEO plugin. -->","yoast_head_json":{"title":"Contacto - Ciberseguridad","robots":{"index":"index","follow":"follow","max-snippet":"max-snippet:-1","max-image-preview":"max-image-preview:large","max-video-preview":"max-video-preview:-1"},"canonical":"https:\/\/urudataciberseguridad.com\/en\/contacto\/","og_locale":"en_US","og_type":"article","og_title":"Contacto - Ciberseguridad","og_description":"\u00bfConversamos? Completa el formulario y nos pondremos en contacto contigo \u00bfC\u00f3mo te podemos ayudar? Otra forma de contactarnos M\u00e1ndanos un correo electr\u00f3nico aciberseguridad@urudata.com eintentaremos responderte lo antes posible","og_url":"https:\/\/urudataciberseguridad.com\/en\/contacto\/","og_site_name":"Ciberseguridad","article_modified_time":"2026-01-12T14:20:57+00:00","twitter_card":"summary_large_image","twitter_misc":{"Est. reading time":"1 minute"},"schema":{"@context":"https:\/\/schema.org","@graph":[{"@type":"WebPage","@id":"https:\/\/urudataciberseguridad.com\/contacto\/","url":"https:\/\/urudataciberseguridad.com\/contacto\/","name":"Contacto - Ciberseguridad","isPartOf":{"@id":"https:\/\/urudataciberseguridad.com\/#website"},"primaryImageOfPage":{"@id":"https:\/\/urudataciberseguridad.com\/contacto\/#primaryimage"},"image":{"@id":"https:\/\/urudataciberseguridad.com\/contacto\/#primaryimage"},"thumbnailUrl":"https:\/\/urudataciberseguridad.com\/wp-content\/uploads\/2024\/05\/Group-1562.svg","datePublished":"2024-04-22T19:41:31+00:00","dateModified":"2026-01-12T14:20:57+00:00","breadcrumb":{"@id":"https:\/\/urudataciberseguridad.com\/contacto\/#breadcrumb"},"inLanguage":"en-US","potentialAction":[{"@type":"ReadAction","target":["https:\/\/urudataciberseguridad.com\/contacto\/"]}]},{"@type":"ImageObject","inLanguage":"en-US","@id":"https:\/\/urudataciberseguridad.com\/contacto\/#primaryimage","url":"https:\/\/urudataciberseguridad.com\/wp-content\/uploads\/2024\/05\/Group-1562.svg","contentUrl":"https:\/\/urudataciberseguridad.com\/wp-content\/uploads\/2024\/05\/Group-1562.svg"},{"@type":"BreadcrumbList","@id":"https:\/\/urudataciberseguridad.com\/contacto\/#breadcrumb","itemListElement":[{"@type":"ListItem","position":1,"name":"Home","item":"https:\/\/urudataciberseguridad.com\/"},{"@type":"ListItem","position":2,"name":"Contacto"}]},{"@type":"WebSite","@id":"https:\/\/urudataciberseguridad.com\/#website","url":"https:\/\/urudataciberseguridad.com\/","name":"Ciberseguridad","description":"","publisher":{"@id":"https:\/\/urudataciberseguridad.com\/#organization"},"potentialAction":[{"@type":"SearchAction","target":{"@type":"EntryPoint","urlTemplate":"https:\/\/urudataciberseguridad.com\/?s={search_term_string}"},"query-input":{"@type":"PropertyValueSpecification","valueRequired":true,"valueName":"search_term_string"}}],"inLanguage":"en-US"},{"@type":"Organization","@id":"https:\/\/urudataciberseguridad.com\/#organization","name":"Ciberseguridad","url":"https:\/\/urudataciberseguridad.com\/","logo":{"@type":"ImageObject","inLanguage":"en-US","@id":"https:\/\/urudataciberseguridad.com\/#\/schema\/logo\/image\/","url":"https:\/\/urudataciberseguridad.com\/wp-content\/uploads\/2024\/04\/logoUrudata.svg","contentUrl":"https:\/\/urudataciberseguridad.com\/wp-content\/uploads\/2024\/04\/logoUrudata.svg","width":185,"height":27,"caption":"Ciberseguridad"},"image":{"@id":"https:\/\/urudataciberseguridad.com\/#\/schema\/logo\/image\/"}}]}},"jetpack_sharing_enabled":true,"_links":{"self":[{"href":"https:\/\/urudataciberseguridad.com\/en\/wp-json\/wp\/v2\/pages\/87","targetHints":{"allow":["GET"]}}],"collection":[{"href":"https:\/\/urudataciberseguridad.com\/en\/wp-json\/wp\/v2\/pages"}],"about":[{"href":"https:\/\/urudataciberseguridad.com\/en\/wp-json\/wp\/v2\/types\/page"}],"author":[{"embeddable":true,"href":"https:\/\/urudataciberseguridad.com\/en\/wp-json\/wp\/v2\/users\/1"}],"replies":[{"embeddable":true,"href":"https:\/\/urudataciberseguridad.com\/en\/wp-json\/wp\/v2\/comments?post=87"}],"version-history":[{"count":20,"href":"https:\/\/urudataciberseguridad.com\/en\/wp-json\/wp\/v2\/pages\/87\/revisions"}],"predecessor-version":[{"id":3427,"href":"https:\/\/urudataciberseguridad.com\/en\/wp-json\/wp\/v2\/pages\/87\/revisions\/3427"}],"wp:attachment":[{"href":"https:\/\/urudataciberseguridad.com\/en\/wp-json\/wp\/v2\/media?parent=87"}],"curies":[{"name":"wp","href":"https:\/\/api.w.org\/{rel}","templated":true}]}}