{"id":654,"date":"2024-04-29T16:21:37","date_gmt":"2024-04-29T16:21:37","guid":{"rendered":"http:\/\/emq.qck.mybluehost.me\/website_42b9569b\/?page_id=654"},"modified":"2024-05-21T16:03:29","modified_gmt":"2024-05-21T16:03:29","slug":"deteccion","status":"publish","type":"page","link":"https:\/\/urudataciberseguridad.com\/en\/deteccion\/","title":{"rendered":"Detection"},"content":{"rendered":"<div data-elementor-type=\"wp-page\" data-elementor-id=\"654\" class=\"elementor elementor-654\" data-elementor-post-type=\"page\">\n\t\t\t\t<div class=\"elementor-element elementor-element-4c888d5 e-con-full e-flex e-con e-parent\" data-id=\"4c888d5\" data-element_type=\"container\" data-e-type=\"container\" data-settings=\"{&quot;background_background&quot;:&quot;classic&quot;}\">\n\t\t<div class=\"elementor-element elementor-element-46270b9 e-con-full e-flex e-con e-child\" data-id=\"46270b9\" data-element_type=\"container\" data-e-type=\"container\">\n\t\t\t\t<div class=\"elementor-element elementor-element-2405d65 elementor-widget elementor-widget-heading\" data-id=\"2405d65\" data-element_type=\"widget\" data-e-type=\"widget\" data-widget_type=\"heading.default\">\n\t\t\t\t<div class=\"elementor-widget-container\">\n\t\t\t\t\t<h3 class=\"elementor-heading-title elementor-size-default\">Detection<\/h3>\t\t\t\t<\/div>\n\t\t\t\t<\/div>\n\t\t\t\t<div class=\"elementor-element elementor-element-17b716e elementor-widget elementor-widget-heading\" data-id=\"17b716e\" data-element_type=\"widget\" data-e-type=\"widget\" data-widget_type=\"heading.default\">\n\t\t\t\t<div class=\"elementor-widget-container\">\n\t\t\t\t\t<p class=\"elementor-heading-title elementor-size-default\">Proactive monitoring of your company\u2019s systems to identify threats\n<\/p>\t\t\t\t<\/div>\n\t\t\t\t<\/div>\n\t\t\t\t<\/div>\n\t\t<div class=\"elementor-element elementor-element-43670ee e-con-full e-flex e-con e-child\" data-id=\"43670ee\" data-element_type=\"container\" data-e-type=\"container\">\n\t\t\t\t<div class=\"elementor-element elementor-element-1728628 elementor-widget elementor-widget-image\" data-id=\"1728628\" data-element_type=\"widget\" data-e-type=\"widget\" data-widget_type=\"image.default\">\n\t\t\t\t<div class=\"elementor-widget-container\">\n\t\t\t\t\t\t\t\t\t\t\t\t\t\t\t<img fetchpriority=\"high\" decoding=\"async\" width=\"513\" height=\"296\" src=\"https:\/\/urudataciberseguridad.com\/wp-content\/uploads\/2024\/05\/Group-1556.svg\" class=\"attachment-large size-large wp-image-1901\" alt=\"\" \/>\t\t\t\t\t\t\t\t\t\t\t\t\t\t\t<\/div>\n\t\t\t\t<\/div>\n\t\t\t\t<\/div>\n\t\t\t\t<\/div>\n\t\t<div class=\"elementor-element elementor-element-9a31652 e-con-full e-flex e-con e-parent\" data-id=\"9a31652\" data-element_type=\"container\" data-e-type=\"container\" data-settings=\"{&quot;background_background&quot;:&quot;classic&quot;}\">\n\t\t<div class=\"elementor-element elementor-element-15054da e-con-full e-flex e-con e-child\" data-id=\"15054da\" data-element_type=\"container\" data-e-type=\"container\">\n\t\t\t\t<div class=\"elementor-element elementor-element-fc0315e elementor-widget elementor-widget-heading\" data-id=\"fc0315e\" data-element_type=\"widget\" data-e-type=\"widget\" data-widget_type=\"heading.default\">\n\t\t\t\t<div class=\"elementor-widget-container\">\n\t\t\t\t\t<h2 class=\"elementor-heading-title elementor-size-default\">Security Monitoring (SOC)<\/h2>\t\t\t\t<\/div>\n\t\t\t\t<\/div>\n\t\t\t\t<div class=\"elementor-element elementor-element-642d6b2 elementor-widget elementor-widget-text-editor\" data-id=\"642d6b2\" data-element_type=\"widget\" data-e-type=\"widget\" data-widget_type=\"text-editor.default\">\n\t\t\t\t<div class=\"elementor-widget-container\">\n\t\t\t\t\t\t\t\t\t<p>Our Security Operations Center has more than 25 highly trained professionals across different shifts, ensuring full monitoring of the network activity of our clients 24 hours a day, 365 days a year.<\/p><p>Early identification of intrusions is critical. That is why we specialize in detecting and correlating unusual events key to identifying potential cyberattacks. We act quickly to minimize any potential damage.<\/p><p>Urudata operates the largest cybersecurity operations center (SOC) in the country, staffed by national and international professionals. They monitor your environment 24\/7\/365, searching for the slightest sign of intrusion.<\/p>\t\t\t\t\t\t\t\t<\/div>\n\t\t\t\t<\/div>\n\t\t\t\t<\/div>\n\t\t<div class=\"elementor-element elementor-element-9c2bc42 e-con-full e-flex e-con e-child\" data-id=\"9c2bc42\" data-element_type=\"container\" data-e-type=\"container\">\n\t\t\t\t<\/div>\n\t\t\t\t<\/div>\n\t\t\t\t<\/div>","protected":false},"excerpt":{"rendered":"<p>Detecci\u00f3n Acci\u00f3n proactiva de monitoreo sobre los sistemas de tu empresa en b\u00fasqueda de amenazas Monitoreo de seguridad (SOC) Nuestro centro de Operaciones de Seguridad cuenta con m\u00e1s de 25 colaboradores altamente capacitados, cubriendo diversos turnos de trabajo para asegurar un monitoreo total de las actividades en red de nuestros clientes las 24 horas, los [&hellip;]<\/p>\n","protected":false},"author":1,"featured_media":0,"parent":0,"menu_order":0,"comment_status":"closed","ping_status":"closed","template":"","meta":{"_acf_changed":false,"nf_dc_page":"","_monsterinsights_skip_tracking":false,"_monsterinsights_sitenote_active":false,"_monsterinsights_sitenote_note":"","_monsterinsights_sitenote_category":0,"footnotes":""},"class_list":["post-654","page","type-page","status-publish","hentry"],"acf":[],"yoast_head":"<!-- This site is optimized with the Yoast SEO plugin v27.4 - https:\/\/yoast.com\/product\/yoast-seo-wordpress\/ -->\n<title>Detecci\u00f3n - Ciberseguridad<\/title>\n<meta name=\"robots\" content=\"index, follow, max-snippet:-1, max-image-preview:large, max-video-preview:-1\" \/>\n<link rel=\"canonical\" href=\"https:\/\/urudataciberseguridad.com\/en\/deteccion\/\" \/>\n<meta property=\"og:locale\" content=\"en_US\" \/>\n<meta property=\"og:type\" content=\"article\" \/>\n<meta property=\"og:title\" content=\"Detecci\u00f3n - Ciberseguridad\" \/>\n<meta property=\"og:description\" content=\"Detecci\u00f3n Acci\u00f3n proactiva de monitoreo sobre los sistemas de tu empresa en b\u00fasqueda de amenazas Monitoreo de seguridad (SOC) Nuestro centro de Operaciones de Seguridad cuenta con m\u00e1s de 25 colaboradores altamente capacitados, cubriendo diversos turnos de trabajo para asegurar un monitoreo total de las actividades en red de nuestros clientes las 24 horas, los [&hellip;]\" \/>\n<meta property=\"og:url\" content=\"https:\/\/urudataciberseguridad.com\/en\/deteccion\/\" \/>\n<meta property=\"og:site_name\" content=\"Ciberseguridad\" \/>\n<meta property=\"article:modified_time\" content=\"2024-05-21T16:03:29+00:00\" \/>\n<meta property=\"og:image\" content=\"http:\/\/emq.qck.mybluehost.me\/website_42b9569b\/wp-content\/uploads\/2024\/05\/Group-1556.svg\" \/>\n<meta name=\"twitter:card\" content=\"summary_large_image\" \/>\n<meta name=\"twitter:label1\" content=\"Est. reading time\" \/>\n\t<meta name=\"twitter:data1\" content=\"1 minute\" \/>\n<script type=\"application\/ld+json\" class=\"yoast-schema-graph\">{\"@context\":\"https:\\\/\\\/schema.org\",\"@graph\":[{\"@type\":\"WebPage\",\"@id\":\"https:\\\/\\\/urudataciberseguridad.com\\\/deteccion\\\/\",\"url\":\"https:\\\/\\\/urudataciberseguridad.com\\\/deteccion\\\/\",\"name\":\"Detecci\u00f3n - Ciberseguridad\",\"isPartOf\":{\"@id\":\"https:\\\/\\\/urudataciberseguridad.com\\\/#website\"},\"primaryImageOfPage\":{\"@id\":\"https:\\\/\\\/urudataciberseguridad.com\\\/deteccion\\\/#primaryimage\"},\"image\":{\"@id\":\"https:\\\/\\\/urudataciberseguridad.com\\\/deteccion\\\/#primaryimage\"},\"thumbnailUrl\":\"http:\\\/\\\/emq.qck.mybluehost.me\\\/website_42b9569b\\\/wp-content\\\/uploads\\\/2024\\\/05\\\/Group-1556.svg\",\"datePublished\":\"2024-04-29T16:21:37+00:00\",\"dateModified\":\"2024-05-21T16:03:29+00:00\",\"breadcrumb\":{\"@id\":\"https:\\\/\\\/urudataciberseguridad.com\\\/deteccion\\\/#breadcrumb\"},\"inLanguage\":\"en-US\",\"potentialAction\":[{\"@type\":\"ReadAction\",\"target\":[\"https:\\\/\\\/urudataciberseguridad.com\\\/deteccion\\\/\"]}]},{\"@type\":\"ImageObject\",\"inLanguage\":\"en-US\",\"@id\":\"https:\\\/\\\/urudataciberseguridad.com\\\/deteccion\\\/#primaryimage\",\"url\":\"http:\\\/\\\/emq.qck.mybluehost.me\\\/website_42b9569b\\\/wp-content\\\/uploads\\\/2024\\\/05\\\/Group-1556.svg\",\"contentUrl\":\"http:\\\/\\\/emq.qck.mybluehost.me\\\/website_42b9569b\\\/wp-content\\\/uploads\\\/2024\\\/05\\\/Group-1556.svg\"},{\"@type\":\"BreadcrumbList\",\"@id\":\"https:\\\/\\\/urudataciberseguridad.com\\\/deteccion\\\/#breadcrumb\",\"itemListElement\":[{\"@type\":\"ListItem\",\"position\":1,\"name\":\"Home\",\"item\":\"https:\\\/\\\/urudataciberseguridad.com\\\/\"},{\"@type\":\"ListItem\",\"position\":2,\"name\":\"Detecci\u00f3n\"}]},{\"@type\":\"WebSite\",\"@id\":\"https:\\\/\\\/urudataciberseguridad.com\\\/#website\",\"url\":\"https:\\\/\\\/urudataciberseguridad.com\\\/\",\"name\":\"Ciberseguridad\",\"description\":\"\",\"publisher\":{\"@id\":\"https:\\\/\\\/urudataciberseguridad.com\\\/#organization\"},\"potentialAction\":[{\"@type\":\"SearchAction\",\"target\":{\"@type\":\"EntryPoint\",\"urlTemplate\":\"https:\\\/\\\/urudataciberseguridad.com\\\/?s={search_term_string}\"},\"query-input\":{\"@type\":\"PropertyValueSpecification\",\"valueRequired\":true,\"valueName\":\"search_term_string\"}}],\"inLanguage\":\"en-US\"},{\"@type\":\"Organization\",\"@id\":\"https:\\\/\\\/urudataciberseguridad.com\\\/#organization\",\"name\":\"Ciberseguridad\",\"url\":\"https:\\\/\\\/urudataciberseguridad.com\\\/\",\"logo\":{\"@type\":\"ImageObject\",\"inLanguage\":\"en-US\",\"@id\":\"https:\\\/\\\/urudataciberseguridad.com\\\/#\\\/schema\\\/logo\\\/image\\\/\",\"url\":\"https:\\\/\\\/urudataciberseguridad.com\\\/wp-content\\\/uploads\\\/2024\\\/04\\\/logoUrudata.svg\",\"contentUrl\":\"https:\\\/\\\/urudataciberseguridad.com\\\/wp-content\\\/uploads\\\/2024\\\/04\\\/logoUrudata.svg\",\"width\":185,\"height\":27,\"caption\":\"Ciberseguridad\"},\"image\":{\"@id\":\"https:\\\/\\\/urudataciberseguridad.com\\\/#\\\/schema\\\/logo\\\/image\\\/\"}}]}<\/script>\n<!-- \/ Yoast SEO plugin. -->","yoast_head_json":{"title":"Detecci\u00f3n - Ciberseguridad","robots":{"index":"index","follow":"follow","max-snippet":"max-snippet:-1","max-image-preview":"max-image-preview:large","max-video-preview":"max-video-preview:-1"},"canonical":"https:\/\/urudataciberseguridad.com\/en\/deteccion\/","og_locale":"en_US","og_type":"article","og_title":"Detecci\u00f3n - Ciberseguridad","og_description":"Detecci\u00f3n Acci\u00f3n proactiva de monitoreo sobre los sistemas de tu empresa en b\u00fasqueda de amenazas Monitoreo de seguridad (SOC) Nuestro centro de Operaciones de Seguridad cuenta con m\u00e1s de 25 colaboradores altamente capacitados, cubriendo diversos turnos de trabajo para asegurar un monitoreo total de las actividades en red de nuestros clientes las 24 horas, los [&hellip;]","og_url":"https:\/\/urudataciberseguridad.com\/en\/deteccion\/","og_site_name":"Ciberseguridad","article_modified_time":"2024-05-21T16:03:29+00:00","og_image":[{"url":"http:\/\/emq.qck.mybluehost.me\/website_42b9569b\/wp-content\/uploads\/2024\/05\/Group-1556.svg","type":"","width":"","height":""}],"twitter_card":"summary_large_image","twitter_misc":{"Est. reading time":"1 minute"},"schema":{"@context":"https:\/\/schema.org","@graph":[{"@type":"WebPage","@id":"https:\/\/urudataciberseguridad.com\/deteccion\/","url":"https:\/\/urudataciberseguridad.com\/deteccion\/","name":"Detecci\u00f3n - Ciberseguridad","isPartOf":{"@id":"https:\/\/urudataciberseguridad.com\/#website"},"primaryImageOfPage":{"@id":"https:\/\/urudataciberseguridad.com\/deteccion\/#primaryimage"},"image":{"@id":"https:\/\/urudataciberseguridad.com\/deteccion\/#primaryimage"},"thumbnailUrl":"http:\/\/emq.qck.mybluehost.me\/website_42b9569b\/wp-content\/uploads\/2024\/05\/Group-1556.svg","datePublished":"2024-04-29T16:21:37+00:00","dateModified":"2024-05-21T16:03:29+00:00","breadcrumb":{"@id":"https:\/\/urudataciberseguridad.com\/deteccion\/#breadcrumb"},"inLanguage":"en-US","potentialAction":[{"@type":"ReadAction","target":["https:\/\/urudataciberseguridad.com\/deteccion\/"]}]},{"@type":"ImageObject","inLanguage":"en-US","@id":"https:\/\/urudataciberseguridad.com\/deteccion\/#primaryimage","url":"http:\/\/emq.qck.mybluehost.me\/website_42b9569b\/wp-content\/uploads\/2024\/05\/Group-1556.svg","contentUrl":"http:\/\/emq.qck.mybluehost.me\/website_42b9569b\/wp-content\/uploads\/2024\/05\/Group-1556.svg"},{"@type":"BreadcrumbList","@id":"https:\/\/urudataciberseguridad.com\/deteccion\/#breadcrumb","itemListElement":[{"@type":"ListItem","position":1,"name":"Home","item":"https:\/\/urudataciberseguridad.com\/"},{"@type":"ListItem","position":2,"name":"Detecci\u00f3n"}]},{"@type":"WebSite","@id":"https:\/\/urudataciberseguridad.com\/#website","url":"https:\/\/urudataciberseguridad.com\/","name":"Ciberseguridad","description":"","publisher":{"@id":"https:\/\/urudataciberseguridad.com\/#organization"},"potentialAction":[{"@type":"SearchAction","target":{"@type":"EntryPoint","urlTemplate":"https:\/\/urudataciberseguridad.com\/?s={search_term_string}"},"query-input":{"@type":"PropertyValueSpecification","valueRequired":true,"valueName":"search_term_string"}}],"inLanguage":"en-US"},{"@type":"Organization","@id":"https:\/\/urudataciberseguridad.com\/#organization","name":"Ciberseguridad","url":"https:\/\/urudataciberseguridad.com\/","logo":{"@type":"ImageObject","inLanguage":"en-US","@id":"https:\/\/urudataciberseguridad.com\/#\/schema\/logo\/image\/","url":"https:\/\/urudataciberseguridad.com\/wp-content\/uploads\/2024\/04\/logoUrudata.svg","contentUrl":"https:\/\/urudataciberseguridad.com\/wp-content\/uploads\/2024\/04\/logoUrudata.svg","width":185,"height":27,"caption":"Ciberseguridad"},"image":{"@id":"https:\/\/urudataciberseguridad.com\/#\/schema\/logo\/image\/"}}]}},"jetpack_sharing_enabled":true,"_links":{"self":[{"href":"https:\/\/urudataciberseguridad.com\/en\/wp-json\/wp\/v2\/pages\/654","targetHints":{"allow":["GET"]}}],"collection":[{"href":"https:\/\/urudataciberseguridad.com\/en\/wp-json\/wp\/v2\/pages"}],"about":[{"href":"https:\/\/urudataciberseguridad.com\/en\/wp-json\/wp\/v2\/types\/page"}],"author":[{"embeddable":true,"href":"https:\/\/urudataciberseguridad.com\/en\/wp-json\/wp\/v2\/users\/1"}],"replies":[{"embeddable":true,"href":"https:\/\/urudataciberseguridad.com\/en\/wp-json\/wp\/v2\/comments?post=654"}],"version-history":[{"count":5,"href":"https:\/\/urudataciberseguridad.com\/en\/wp-json\/wp\/v2\/pages\/654\/revisions"}],"predecessor-version":[{"id":3035,"href":"https:\/\/urudataciberseguridad.com\/en\/wp-json\/wp\/v2\/pages\/654\/revisions\/3035"}],"wp:attachment":[{"href":"https:\/\/urudataciberseguridad.com\/en\/wp-json\/wp\/v2\/media?parent=654"}],"curies":[{"name":"wp","href":"https:\/\/api.w.org\/{rel}","templated":true}]}}