{"id":3342,"date":"2024-11-06T11:08:28","date_gmt":"2024-11-06T11:08:28","guid":{"rendered":"https:\/\/urudataciberseguridad.com\/?page_id=3342"},"modified":"2025-07-25T15:41:18","modified_gmt":"2025-07-25T15:41:18","slug":"csirt","status":"publish","type":"page","link":"https:\/\/urudataciberseguridad.com\/en\/csirt\/","title":{"rendered":"CSIRT"},"content":{"rendered":"<div data-elementor-type=\"wp-page\" data-elementor-id=\"3342\" class=\"elementor elementor-3342\" data-elementor-post-type=\"page\">\n\t\t\t\t<div class=\"elementor-element elementor-element-4c888d5 e-con-full e-flex e-con e-parent\" data-id=\"4c888d5\" data-element_type=\"container\" data-e-type=\"container\" data-settings=\"{&quot;background_background&quot;:&quot;classic&quot;}\">\n\t\t<div class=\"elementor-element elementor-element-46270b9 e-con-full e-flex e-con e-child\" data-id=\"46270b9\" data-element_type=\"container\" data-e-type=\"container\">\n\t\t\t\t<div class=\"elementor-element elementor-element-2405d65 elementor-widget elementor-widget-heading\" data-id=\"2405d65\" data-element_type=\"widget\" data-e-type=\"widget\" data-widget_type=\"heading.default\">\n\t\t\t\t<div class=\"elementor-widget-container\">\n\t\t\t\t\t<h3 class=\"elementor-heading-title elementor-size-default\">CSIRT<\/h3>\t\t\t\t<\/div>\n\t\t\t\t<\/div>\n\t\t\t\t<div class=\"elementor-element elementor-element-17b716e elementor-widget elementor-widget-heading\" data-id=\"17b716e\" data-element_type=\"widget\" data-e-type=\"widget\" data-widget_type=\"heading.default\">\n\t\t\t\t<div class=\"elementor-widget-container\">\n\t\t\t\t\t<p class=\"elementor-heading-title elementor-size-default\">A team specialized in detecting, responding to, and mitigating cybersecurity incidents in networks and systems.\n<\/p>\t\t\t\t<\/div>\n\t\t\t\t<\/div>\n\t\t\t\t<\/div>\n\t\t<div class=\"elementor-element elementor-element-43670ee e-con-full e-flex e-con e-child\" data-id=\"43670ee\" data-element_type=\"container\" data-e-type=\"container\">\n\t\t\t\t<div class=\"elementor-element elementor-element-1728628 elementor-widget elementor-widget-image\" data-id=\"1728628\" data-element_type=\"widget\" data-e-type=\"widget\" data-widget_type=\"image.default\">\n\t\t\t\t<div class=\"elementor-widget-container\">\n\t\t\t\t\t\t\t\t\t\t\t\t\t\t\t<img fetchpriority=\"high\" decoding=\"async\" width=\"513\" height=\"296\" src=\"https:\/\/urudataciberseguridad.com\/wp-content\/uploads\/2024\/05\/Group-1556.svg\" class=\"attachment-large size-large wp-image-1901\" alt=\"\" \/>\t\t\t\t\t\t\t\t\t\t\t\t\t\t\t<\/div>\n\t\t\t\t<\/div>\n\t\t\t\t<\/div>\n\t\t\t\t<\/div>\n\t\t<div class=\"elementor-element elementor-element-9a31652 e-con-full e-flex e-con e-parent\" data-id=\"9a31652\" data-element_type=\"container\" data-e-type=\"container\" data-settings=\"{&quot;background_background&quot;:&quot;classic&quot;}\">\n\t\t<div class=\"elementor-element elementor-element-15054da e-con-full e-flex e-con e-child\" data-id=\"15054da\" data-element_type=\"container\" data-e-type=\"container\">\n\t\t\t\t<div class=\"elementor-element elementor-element-642d6b2 elementor-widget elementor-widget-text-editor\" data-id=\"642d6b2\" data-element_type=\"widget\" data-e-type=\"widget\" data-widget_type=\"text-editor.default\">\n\t\t\t\t<div class=\"elementor-widget-container\">\n\t\t\t\t\t\t\t\t\t<p><span style=\"color: var( --e-global-color-text ); font-family: var( --e-global-typography-5f53099-font-family ), Sans-serif; font-size: var( --e-global-typography-5f53099-font-size ); font-weight: var( --e-global-typography-5f53099-font-weight ); text-align: var(--text-align); background-color: var( --e-global-color-33794bc );\">A <strong>CSIRT<\/strong> (Computer Security Incident Response Team) is a dedicated cybersecurity team responsible for managing, identifying, and responding to security incidents in networks and information systems. Its mission is to protect an organization\u2019s technological infrastructure, respond to threats, and mitigate potential damage through detection, analysis, and resolution.<br><\/span><b><br>Contact details:<\/b><\/p>\n<p><b>Email:<\/b><\/p>\n<p>If you need to notify us about a security incident or&nbsp;<span style=\"color: var( --e-global-color-text ); font-family: var( --e-global-typography-5f53099-font-family ), Sans-serif; font-size: var( --e-global-typography-5f53099-font-size ); font-weight: var( --e-global-typography-5f53099-font-weight ); text-align: var(--text-align); background-color: var( --e-global-color-33794bc );\">cybersecurity threat against or involving Urudata Cybersecurity, please&nbsp;<\/span><span style=\"color: var( --e-global-color-text ); font-family: var( --e-global-typography-5f53099-font-family ), Sans-serif; font-size: var( --e-global-typography-5f53099-font-size ); font-weight: var( --e-global-typography-5f53099-font-weight ); text-align: var(--text-align); background-color: var( --e-global-color-33794bc );\">contact us at:&nbsp;<\/span><a style=\"font-family: var( --e-global-typography-5f53099-font-family ), Sans-serif; font-size: var( --e-global-typography-5f53099-font-size ); font-weight: var( --e-global-typography-5f53099-font-weight ); text-align: var(--text-align);\" href=\"mailto:csirt@urudata.com\" target=\"_blank\" rel=\"noopener\">csirt@urudata.com<\/a><\/p>\n<p><b>PGP Key:<\/b><\/p>\n<p>If you need to send us information securely, please use our PGP key:&nbsp;<span lang=\"ES-MX\" style=\"color: var( --e-global-color-text ); font-family: var( --e-global-typography-5f53099-font-family ), Sans-serif; font-size: var( --e-global-typography-5f53099-font-size ); font-weight: var( --e-global-typography-5f53099-font-weight ); text-align: var(--text-align); background-color: var( --e-global-color-33794bc );\">Key ID: 0xB0635BFD<\/span><span style=\"color: var( --e-global-color-text ); font-family: var( --e-global-typography-5f53099-font-family ), Sans-serif; font-size: var( --e-global-typography-5f53099-font-size ); font-weight: var( --e-global-typography-5f53099-font-weight ); text-align: var(--text-align); background-color: var( --e-global-color-33794bc );\">&nbsp;<\/span><\/p>\n<p><span lang=\"ES-MX\">Fingerprint: 86C5 7084 5CCA 88BE F43A 2784 6A24 EEB6 B063 5BFD<\/span>&nbsp;<br>Link:&nbsp;<a title=\"CSIRT Urudata Cybersecurity public key\" href=\"\/en\/CSIRT Urudata Cybersecurity public key\/\" target=\"_blank\" rel=\"noopener\" data-saferedirecturl=\"https:\/\/www.google.com\/url?q=https:\/\/keyserver.ubuntu.com\/pks\/lookup?search%3D0xB0635BFD%26fingerprint%3Don%26op%3Dindex&amp;source=gmail&amp;ust=1753542618025000&amp;usg=AOvVaw3MOY2J6A8suc8TUOx84oF2\">Llave p\u00fablica CSIRT Urudata Ciberseguridad<\/a><\/p>\n<p><b>Phone:<\/b><\/p>\n<p><span lang=\"ES-MX\">+598 2419 6457 extension 260<\/span><span lang=\"ES-MX\">&nbsp;<\/span><\/p>\n<p><b style=\"color: var( --e-global-color-text ); font-family: var( --e-global-typography-5f53099-font-family ), Sans-serif; font-size: var( --e-global-typography-5f53099-font-size ); text-align: var(--text-align); background-color: var( --e-global-color-33794bc );\"><span lang=\"ES-MX\">Mission Statement:<\/span><\/b><\/p>\n<p><span lang=\"ES-MX\">For more information about Urudata Cybersecurity, please refer to our&nbsp;<a href=\"https:\/\/urudataciberseguridad.com\/wp-content\/uploads\/2024\/11\/CSIRT-Urudata-RFC-2350.pdf\"><b>CSIRT Urudata<\/b>&nbsp;<b>RFC 2350<\/b><\/a>.<\/span><\/p>\n<p><span lang=\"ES-MX\">Its signature can be found&nbsp;<a href=\"https:\/\/urudataciberseguridad.com\/wp-content\/uploads\/2024\/11\/FirmaRFC2350.zip\"><b>here<\/b><\/a>.<\/span><\/p>\t\t\t\t\t\t\t\t<\/div>\n\t\t\t\t<\/div>\n\t\t\t\t<\/div>\n\t\t<div class=\"elementor-element elementor-element-9c2bc42 e-con-full e-flex e-con e-child\" data-id=\"9c2bc42\" data-element_type=\"container\" data-e-type=\"container\">\n\t\t\t\t<\/div>\n\t\t\t\t<\/div>\n\t\t\t\t<\/div>","protected":false},"excerpt":{"rendered":"<p>CSIRT Equipo especializado en detectar, responder y mitigar incidentes de ciberseguridad en redes y sistemas. Un CSIRT (Computer Security Incident Response Team) es un equipo especializado en ciberseguridad que se encarga de gestionar, identificar y responder a incidentes de seguridad en redes y sistemas inform\u00e1ticos. Su misi\u00f3n es proteger la infraestructura tecnol\u00f3gica de una organizaci\u00f3n, [&hellip;]<\/p>\n","protected":false},"author":1,"featured_media":0,"parent":0,"menu_order":0,"comment_status":"closed","ping_status":"closed","template":"","meta":{"_acf_changed":false,"nf_dc_page":"","_monsterinsights_skip_tracking":false,"_monsterinsights_sitenote_active":false,"_monsterinsights_sitenote_note":"","_monsterinsights_sitenote_category":0,"footnotes":""},"class_list":["post-3342","page","type-page","status-publish","hentry"],"acf":[],"yoast_head":"<!-- This site is optimized with the Yoast SEO plugin v27.4 - https:\/\/yoast.com\/product\/yoast-seo-wordpress\/ -->\n<title>CSIRT - Ciberseguridad<\/title>\n<meta name=\"robots\" content=\"index, follow, max-snippet:-1, max-image-preview:large, max-video-preview:-1\" \/>\n<link rel=\"canonical\" href=\"https:\/\/urudataciberseguridad.com\/en\/csirt\/\" \/>\n<meta property=\"og:locale\" content=\"en_US\" \/>\n<meta property=\"og:type\" content=\"article\" \/>\n<meta property=\"og:title\" content=\"CSIRT - Ciberseguridad\" \/>\n<meta property=\"og:description\" content=\"CSIRT Equipo especializado en detectar, responder y mitigar incidentes de ciberseguridad en redes y sistemas. Un CSIRT (Computer Security Incident Response Team) es un equipo especializado en ciberseguridad que se encarga de gestionar, identificar y responder a incidentes de seguridad en redes y sistemas inform\u00e1ticos. Su misi\u00f3n es proteger la infraestructura tecnol\u00f3gica de una organizaci\u00f3n, [&hellip;]\" \/>\n<meta property=\"og:url\" content=\"https:\/\/urudataciberseguridad.com\/en\/csirt\/\" \/>\n<meta property=\"og:site_name\" content=\"Ciberseguridad\" \/>\n<meta property=\"article:modified_time\" content=\"2025-07-25T15:41:18+00:00\" \/>\n<meta name=\"twitter:card\" content=\"summary_large_image\" \/>\n<meta name=\"twitter:label1\" content=\"Est. reading time\" \/>\n\t<meta name=\"twitter:data1\" content=\"1 minute\" \/>\n<script type=\"application\/ld+json\" class=\"yoast-schema-graph\">{\"@context\":\"https:\\\/\\\/schema.org\",\"@graph\":[{\"@type\":\"WebPage\",\"@id\":\"https:\\\/\\\/urudataciberseguridad.com\\\/csirt\\\/\",\"url\":\"https:\\\/\\\/urudataciberseguridad.com\\\/csirt\\\/\",\"name\":\"CSIRT - Ciberseguridad\",\"isPartOf\":{\"@id\":\"https:\\\/\\\/urudataciberseguridad.com\\\/#website\"},\"primaryImageOfPage\":{\"@id\":\"https:\\\/\\\/urudataciberseguridad.com\\\/csirt\\\/#primaryimage\"},\"image\":{\"@id\":\"https:\\\/\\\/urudataciberseguridad.com\\\/csirt\\\/#primaryimage\"},\"thumbnailUrl\":\"https:\\\/\\\/urudataciberseguridad.com\\\/wp-content\\\/uploads\\\/2024\\\/05\\\/Group-1556.svg\",\"datePublished\":\"2024-11-06T11:08:28+00:00\",\"dateModified\":\"2025-07-25T15:41:18+00:00\",\"breadcrumb\":{\"@id\":\"https:\\\/\\\/urudataciberseguridad.com\\\/csirt\\\/#breadcrumb\"},\"inLanguage\":\"en-US\",\"potentialAction\":[{\"@type\":\"ReadAction\",\"target\":[\"https:\\\/\\\/urudataciberseguridad.com\\\/csirt\\\/\"]}]},{\"@type\":\"ImageObject\",\"inLanguage\":\"en-US\",\"@id\":\"https:\\\/\\\/urudataciberseguridad.com\\\/csirt\\\/#primaryimage\",\"url\":\"https:\\\/\\\/urudataciberseguridad.com\\\/wp-content\\\/uploads\\\/2024\\\/05\\\/Group-1556.svg\",\"contentUrl\":\"https:\\\/\\\/urudataciberseguridad.com\\\/wp-content\\\/uploads\\\/2024\\\/05\\\/Group-1556.svg\"},{\"@type\":\"BreadcrumbList\",\"@id\":\"https:\\\/\\\/urudataciberseguridad.com\\\/csirt\\\/#breadcrumb\",\"itemListElement\":[{\"@type\":\"ListItem\",\"position\":1,\"name\":\"Home\",\"item\":\"https:\\\/\\\/urudataciberseguridad.com\\\/\"},{\"@type\":\"ListItem\",\"position\":2,\"name\":\"CSIRT\"}]},{\"@type\":\"WebSite\",\"@id\":\"https:\\\/\\\/urudataciberseguridad.com\\\/#website\",\"url\":\"https:\\\/\\\/urudataciberseguridad.com\\\/\",\"name\":\"Ciberseguridad\",\"description\":\"\",\"publisher\":{\"@id\":\"https:\\\/\\\/urudataciberseguridad.com\\\/#organization\"},\"potentialAction\":[{\"@type\":\"SearchAction\",\"target\":{\"@type\":\"EntryPoint\",\"urlTemplate\":\"https:\\\/\\\/urudataciberseguridad.com\\\/?s={search_term_string}\"},\"query-input\":{\"@type\":\"PropertyValueSpecification\",\"valueRequired\":true,\"valueName\":\"search_term_string\"}}],\"inLanguage\":\"en-US\"},{\"@type\":\"Organization\",\"@id\":\"https:\\\/\\\/urudataciberseguridad.com\\\/#organization\",\"name\":\"Ciberseguridad\",\"url\":\"https:\\\/\\\/urudataciberseguridad.com\\\/\",\"logo\":{\"@type\":\"ImageObject\",\"inLanguage\":\"en-US\",\"@id\":\"https:\\\/\\\/urudataciberseguridad.com\\\/#\\\/schema\\\/logo\\\/image\\\/\",\"url\":\"https:\\\/\\\/urudataciberseguridad.com\\\/wp-content\\\/uploads\\\/2024\\\/04\\\/logoUrudata.svg\",\"contentUrl\":\"https:\\\/\\\/urudataciberseguridad.com\\\/wp-content\\\/uploads\\\/2024\\\/04\\\/logoUrudata.svg\",\"width\":185,\"height\":27,\"caption\":\"Ciberseguridad\"},\"image\":{\"@id\":\"https:\\\/\\\/urudataciberseguridad.com\\\/#\\\/schema\\\/logo\\\/image\\\/\"}}]}<\/script>\n<!-- \/ Yoast SEO plugin. -->","yoast_head_json":{"title":"CSIRT - Ciberseguridad","robots":{"index":"index","follow":"follow","max-snippet":"max-snippet:-1","max-image-preview":"max-image-preview:large","max-video-preview":"max-video-preview:-1"},"canonical":"https:\/\/urudataciberseguridad.com\/en\/csirt\/","og_locale":"en_US","og_type":"article","og_title":"CSIRT - Ciberseguridad","og_description":"CSIRT Equipo especializado en detectar, responder y mitigar incidentes de ciberseguridad en redes y sistemas. Un CSIRT (Computer Security Incident Response Team) es un equipo especializado en ciberseguridad que se encarga de gestionar, identificar y responder a incidentes de seguridad en redes y sistemas inform\u00e1ticos. Su misi\u00f3n es proteger la infraestructura tecnol\u00f3gica de una organizaci\u00f3n, [&hellip;]","og_url":"https:\/\/urudataciberseguridad.com\/en\/csirt\/","og_site_name":"Ciberseguridad","article_modified_time":"2025-07-25T15:41:18+00:00","twitter_card":"summary_large_image","twitter_misc":{"Est. reading time":"1 minute"},"schema":{"@context":"https:\/\/schema.org","@graph":[{"@type":"WebPage","@id":"https:\/\/urudataciberseguridad.com\/csirt\/","url":"https:\/\/urudataciberseguridad.com\/csirt\/","name":"CSIRT - Ciberseguridad","isPartOf":{"@id":"https:\/\/urudataciberseguridad.com\/#website"},"primaryImageOfPage":{"@id":"https:\/\/urudataciberseguridad.com\/csirt\/#primaryimage"},"image":{"@id":"https:\/\/urudataciberseguridad.com\/csirt\/#primaryimage"},"thumbnailUrl":"https:\/\/urudataciberseguridad.com\/wp-content\/uploads\/2024\/05\/Group-1556.svg","datePublished":"2024-11-06T11:08:28+00:00","dateModified":"2025-07-25T15:41:18+00:00","breadcrumb":{"@id":"https:\/\/urudataciberseguridad.com\/csirt\/#breadcrumb"},"inLanguage":"en-US","potentialAction":[{"@type":"ReadAction","target":["https:\/\/urudataciberseguridad.com\/csirt\/"]}]},{"@type":"ImageObject","inLanguage":"en-US","@id":"https:\/\/urudataciberseguridad.com\/csirt\/#primaryimage","url":"https:\/\/urudataciberseguridad.com\/wp-content\/uploads\/2024\/05\/Group-1556.svg","contentUrl":"https:\/\/urudataciberseguridad.com\/wp-content\/uploads\/2024\/05\/Group-1556.svg"},{"@type":"BreadcrumbList","@id":"https:\/\/urudataciberseguridad.com\/csirt\/#breadcrumb","itemListElement":[{"@type":"ListItem","position":1,"name":"Home","item":"https:\/\/urudataciberseguridad.com\/"},{"@type":"ListItem","position":2,"name":"CSIRT"}]},{"@type":"WebSite","@id":"https:\/\/urudataciberseguridad.com\/#website","url":"https:\/\/urudataciberseguridad.com\/","name":"Ciberseguridad","description":"","publisher":{"@id":"https:\/\/urudataciberseguridad.com\/#organization"},"potentialAction":[{"@type":"SearchAction","target":{"@type":"EntryPoint","urlTemplate":"https:\/\/urudataciberseguridad.com\/?s={search_term_string}"},"query-input":{"@type":"PropertyValueSpecification","valueRequired":true,"valueName":"search_term_string"}}],"inLanguage":"en-US"},{"@type":"Organization","@id":"https:\/\/urudataciberseguridad.com\/#organization","name":"Ciberseguridad","url":"https:\/\/urudataciberseguridad.com\/","logo":{"@type":"ImageObject","inLanguage":"en-US","@id":"https:\/\/urudataciberseguridad.com\/#\/schema\/logo\/image\/","url":"https:\/\/urudataciberseguridad.com\/wp-content\/uploads\/2024\/04\/logoUrudata.svg","contentUrl":"https:\/\/urudataciberseguridad.com\/wp-content\/uploads\/2024\/04\/logoUrudata.svg","width":185,"height":27,"caption":"Ciberseguridad"},"image":{"@id":"https:\/\/urudataciberseguridad.com\/#\/schema\/logo\/image\/"}}]}},"jetpack_sharing_enabled":true,"_links":{"self":[{"href":"https:\/\/urudataciberseguridad.com\/en\/wp-json\/wp\/v2\/pages\/3342","targetHints":{"allow":["GET"]}}],"collection":[{"href":"https:\/\/urudataciberseguridad.com\/en\/wp-json\/wp\/v2\/pages"}],"about":[{"href":"https:\/\/urudataciberseguridad.com\/en\/wp-json\/wp\/v2\/types\/page"}],"author":[{"embeddable":true,"href":"https:\/\/urudataciberseguridad.com\/en\/wp-json\/wp\/v2\/users\/1"}],"replies":[{"embeddable":true,"href":"https:\/\/urudataciberseguridad.com\/en\/wp-json\/wp\/v2\/comments?post=3342"}],"version-history":[{"count":10,"href":"https:\/\/urudataciberseguridad.com\/en\/wp-json\/wp\/v2\/pages\/3342\/revisions"}],"predecessor-version":[{"id":3389,"href":"https:\/\/urudataciberseguridad.com\/en\/wp-json\/wp\/v2\/pages\/3342\/revisions\/3389"}],"wp:attachment":[{"href":"https:\/\/urudataciberseguridad.com\/en\/wp-json\/wp\/v2\/media?parent=3342"}],"curies":[{"name":"wp","href":"https:\/\/api.w.org\/{rel}","templated":true}]}}